{"id":448,"date":"2025-11-03T08:43:36","date_gmt":"2025-11-03T08:43:36","guid":{"rendered":"https:\/\/jhcorporateservices.com\/blog\/"},"modified":"2025-11-03T18:00:16","modified_gmt":"2025-11-03T18:00:16","slug":"blog","status":"publish","type":"page","link":"https:\/\/jhcorporateservices.com\/es\/blog\/","title":{"rendered":"Blog"},"content":{"rendered":"\t\t<div data-elementor-type=\"wp-page\" data-elementor-id=\"448\" class=\"elementor elementor-448 elementor-396\">\n\t\t\t\t\t\t<section class=\"elementor-section elementor-top-section elementor-element elementor-element-vbp3iq0 elementor-section-content-middle elementor-reverse-mobile elementor-section-boxed elementor-section-height-default elementor-section-height-default\" data-id=\"vbp3iq0\" data-element_type=\"section\" data-e-type=\"section\" data-settings=\"{&quot;background_background&quot;:&quot;classic&quot;}\">\n\t\t\t\t\t\t\t<div class=\"elementor-background-overlay\"><\/div>\n\t\t\t\t\t\t\t<div class=\"elementor-container elementor-column-gap-default\">\n\t\t\t\t\t<div class=\"elementor-column elementor-col-100 elementor-top-column elementor-element elementor-element-0ca8923\" data-id=\"0ca8923\" data-element_type=\"column\" data-e-type=\"column\">\n\t\t\t<div class=\"elementor-widget-wrap elementor-element-populated\">\n\t\t\t\t\t\t<div class=\"elementor-element elementor-element-8bf8f82 elementor-widget elementor-widget-heading\" data-id=\"8bf8f82\" data-element_type=\"widget\" data-e-type=\"widget\" data-widget_type=\"heading.default\">\n\t\t\t\t\t<h2 class=\"elementor-heading-title elementor-size-default\">Blog corporativo de JH<\/h2>\t\t\t\t<\/div>\n\t\t\t\t<div class=\"elementor-element elementor-element-b2eb206 elementor-widget elementor-widget-text-editor\" data-id=\"b2eb206\" data-element_type=\"widget\" data-e-type=\"widget\" data-widget_type=\"text-editor.default\">\n\t\t\t\t\t\t\t\t\t<p>Mant\u00e9ngase al d\u00eda de las \u00faltimas noticias y procedimientos relacionados con la residencia activa, pasiva y la creaci\u00f3n de empresas<\/p>\t\t\t\t\t\t\t\t<\/div>\n\t\t\t\t\t<\/div>\n\t\t<\/div>\n\t\t\t\t\t<\/div>\n\t\t<\/section>\n\t\t<div class=\"elementor-element elementor-element-15a8eb0 e-flex e-con-boxed e-con e-parent\" data-id=\"15a8eb0\" data-element_type=\"container\" data-e-type=\"container\">\n\t\t\t\t\t<div class=\"e-con-inner\">\n\t\t\t\t<div class=\"elementor-element elementor-element-03a41ce elementor-widget elementor-widget-hfe-basic-posts\" data-id=\"03a41ce\" data-element_type=\"widget\" data-e-type=\"widget\" data-widget_type=\"hfe-basic-posts.default\">\n\t\t\t\t<div class=\"elementor-widget-container\">\n\t\t\t\t\t\n<div class=\"hfe-posts-grid\">\n\t\t\t<article class=\"hfe-post-card\">\n\t\t\t\n\t\t\t<div class=\"hfe-post-content\">\n\t\t\t\t\t\t\t\t\t<h3 class=\"hfe-post-title\">\n\t\t\t\t\t\t<a href=\"https:\/\/jhcorporateservices.com\/es\/residencia-en-andorra-2026-la-transicion-hacia-un-modelo-de-alto-estandar\/\" rel=\"bookmark\">\n\t\t\t\t\t\t\tResidencia en Andorra 2026: La transici\u00f3n hacia un modelo de \u00abAlto Est\u00e1ndar\u00bb\t\t\t\t\t\t<\/a>\n\t\t\t\t\t<\/h3>\n\t\t\t\t\n\t\t\t\t\t\t\t\t\t<div class=\"hfe-post-meta\">\n\t\t\t\t\t\t<span class=\"hfe-post-date\">febrero 5, 2026<\/span>\t\t\t\t\t<\/div>\n\t\t\t\t\n\t\t\t\t\t\t\t\t\t<div class=\"hfe-post-excerpt\">\n\t\t\t\t\t\tBlog corporativo de JH Residencia en Andorra 2026: La transici\u00f3n hacia un modelo de \u00abAlto Est\u00e1ndar\u00bb El panorama global de...\t\t\t\t\t<\/div>\n\t\t\t\t\n\t\t\t\t\t\t\t\t\t<a href=\"https:\/\/jhcorporateservices.com\/es\/residencia-en-andorra-2026-la-transicion-hacia-un-modelo-de-alto-estandar\/\" class=\"hfe-read-more\" rel=\"bookmark\">\n\t\t\t\t\t\tRead More \u2192\t\t\t\t\t<\/a>\n\t\t\t\t\t\t\t<\/div>\n\t\t<\/article>\n\t\t\t\t<article class=\"hfe-post-card\">\n\t\t\t\n\t\t\t<div class=\"hfe-post-content\">\n\t\t\t\t\t\t\t\t\t<h3 class=\"hfe-post-title\">\n\t\t\t\t\t\t<a href=\"https:\/\/jhcorporateservices.com\/es\/como-constituir-una-empresa-en-andorra-guia-2025\/\" rel=\"bookmark\">\n\t\t\t\t\t\t\tC\u00f3mo constituir una empresa en Andorra (gu\u00eda 2025)\t\t\t\t\t\t<\/a>\n\t\t\t\t\t<\/h3>\n\t\t\t\t\n\t\t\t\t\t\t\t\t\t<div class=\"hfe-post-meta\">\n\t\t\t\t\t\t<span class=\"hfe-post-date\">noviembre 3, 2025<\/span>\t\t\t\t\t<\/div>\n\t\t\t\t\n\t\t\t\t\t\t\t\t\t<div class=\"hfe-post-excerpt\">\n\t\t\t\t\t\tBlog corporativo de JH C\u00f3mo constituir una empresa en Andorra (gu\u00eda 2025) De ser un secreto bien guardado en los...\t\t\t\t\t<\/div>\n\t\t\t\t\n\t\t\t\t\t\t\t\t\t<a href=\"https:\/\/jhcorporateservices.com\/es\/como-constituir-una-empresa-en-andorra-guia-2025\/\" class=\"hfe-read-more\" rel=\"bookmark\">\n\t\t\t\t\t\tRead More \u2192\t\t\t\t\t<\/a>\n\t\t\t\t\t\t\t<\/div>\n\t\t<\/article>\n\t\t<\/div>\n\t\t\t\t<\/div>\n\t\t\t\t<\/div>\n\t\t\t\t\t<\/div>\n\t\t\t\t<\/div>\n\t\t\t\t<\/div>\n\t\t","protected":false},"excerpt":{"rendered":"<p>Blog corporativo de JH Mant\u00e9ngase al d\u00eda de las \u00faltimas noticias y procedimientos relacionados con la residencia activa, pasiva y [&hellip;]<\/p>\n","protected":false},"author":1,"featured_media":0,"parent":0,"menu_order":0,"comment_status":"closed","ping_status":"closed","template":"","meta":{"_eb_attr":"","site-sidebar-layout":"no-sidebar","site-content-layout":"","ast-site-content-layout":"full-width-container","site-content-style":"default","site-sidebar-style":"default","ast-global-header-display":"","ast-banner-title-visibility":"","ast-main-header-display":"","ast-hfb-above-header-display":"","ast-hfb-below-header-display":"","ast-hfb-mobile-header-display":"","site-post-title":"disabled","ast-breadcrumbs-content":"","ast-featured-img":"disabled","footer-sml-layout":"","ast-disable-related-posts":"","theme-transparent-header-meta":"","adv-header-id-meta":"","stick-header-meta":"","header-above-stick-meta":"","header-main-stick-meta":"","header-below-stick-meta":"","astra-migrate-meta-layouts":"default","ast-page-background-enabled":"default","ast-page-background-meta":{"desktop":{"background-color":"var(--ast-global-color-5)","background-image":"","background-repeat":"repeat","background-position":"center center","background-size":"auto","background-attachment":"scroll","background-type":"","background-media":"","overlay-type":"","overlay-color":"","overlay-opacity":"","overlay-gradient":""},"tablet":{"background-color":"","background-image":"","background-repeat":"repeat","background-position":"center center","background-size":"auto","background-attachment":"scroll","background-type":"","background-media":"","overlay-type":"","overlay-color":"","overlay-opacity":"","overlay-gradient":""},"mobile":{"background-color":"","background-image":"","background-repeat":"repeat","background-position":"center center","background-size":"auto","background-attachment":"scroll","background-type":"","background-media":"","overlay-type":"","overlay-color":"","overlay-opacity":"","overlay-gradient":""}},"ast-content-background-meta":{"desktop":{"background-color":"var(--ast-global-color-4)","background-image":"","background-repeat":"repeat","background-position":"center center","background-size":"auto","background-attachment":"scroll","background-type":"","background-media":"","overlay-type":"","overlay-color":"","overlay-opacity":"","overlay-gradient":""},"tablet":{"background-color":"var(--ast-global-color-4)","background-image":"","background-repeat":"repeat","background-position":"center center","background-size":"auto","background-attachment":"scroll","background-type":"","background-media":"","overlay-type":"","overlay-color":"","overlay-opacity":"","overlay-gradient":""},"mobile":{"background-color":"var(--ast-global-color-4)","background-image":"","background-repeat":"repeat","background-position":"center center","background-size":"auto","background-attachment":"scroll","background-type":"","background-media":"","overlay-type":"","overlay-color":"","overlay-opacity":"","overlay-gradient":""}},"footnotes":""},"class_list":["post-448","page","type-page","status-publish","hentry"],"_hostinger_reach_plugin_has_subscription_block":false,"_hostinger_reach_plugin_is_elementor":false,"_links":{"self":[{"href":"https:\/\/jhcorporateservices.com\/es\/wp-json\/wp\/v2\/pages\/448","targetHints":{"allow":["GET"]}}],"collection":[{"href":"https:\/\/jhcorporateservices.com\/es\/wp-json\/wp\/v2\/pages"}],"about":[{"href":"https:\/\/jhcorporateservices.com\/es\/wp-json\/wp\/v2\/types\/page"}],"author":[{"embeddable":true,"href":"https:\/\/jhcorporateservices.com\/es\/wp-json\/wp\/v2\/users\/1"}],"replies":[{"embeddable":true,"href":"https:\/\/jhcorporateservices.com\/es\/wp-json\/wp\/v2\/comments?post=448"}],"version-history":[{"count":1,"href":"https:\/\/jhcorporateservices.com\/es\/wp-json\/wp\/v2\/pages\/448\/revisions"}],"predecessor-version":[{"id":451,"href":"https:\/\/jhcorporateservices.com\/es\/wp-json\/wp\/v2\/pages\/448\/revisions\/451"}],"wp:attachment":[{"href":"https:\/\/jhcorporateservices.com\/es\/wp-json\/wp\/v2\/media?parent=448"}],"curies":[{"name":"wp","href":"https:\/\/api.w.org\/{rel}","templated":true}]}}