{"id":369,"date":"2025-10-24T14:14:57","date_gmt":"2025-10-24T14:14:57","guid":{"rendered":"https:\/\/jhcorporateservices.com\/sobres-nosaltres\/"},"modified":"2025-11-03T18:10:44","modified_gmt":"2025-11-03T18:10:44","slug":"sobres-nosaltres","status":"publish","type":"page","link":"https:\/\/jhcorporateservices.com\/ca\/sobres-nosaltres\/","title":{"rendered":"Sobres Nosaltres"},"content":{"rendered":"\t\t<div data-elementor-type=\"wp-page\" data-elementor-id=\"369\" class=\"elementor elementor-369 elementor-342\">\n\t\t\t\t<div class=\"elementor-element elementor-element-dpi2p13 e-flex e-con-boxed e-con e-parent\" data-id=\"dpi2p13\" data-element_type=\"container\" data-e-type=\"container\" data-settings=\"{&quot;background_background&quot;:&quot;classic&quot;}\">\n\t\t\t\t\t<div class=\"e-con-inner\">\n\t\t\t\t<div class=\"elementor-element elementor-element-10a3fdc elementor-widget elementor-widget-text-editor\" data-id=\"10a3fdc\" data-element_type=\"widget\" data-e-type=\"widget\" data-widget_type=\"text-editor.default\">\n\t\t\t\t\t\t\t\t\tSobres Nosaltres\t\t\t\t\t\t\t\t<\/div>\n\t\t\t\t<div class=\"elementor-element elementor-element-257fc76 elementor-widget elementor-widget-heading\" data-id=\"257fc76\" data-element_type=\"widget\" data-e-type=\"widget\" data-widget_type=\"heading.default\">\n\t\t\t\t\t<h1 class=\"elementor-heading-title elementor-size-default\">Sobre JH Corporate Services<\/h1>\t\t\t\t<\/div>\n\t\t\t\t\t<\/div>\n\t\t\t\t<\/div>\n\t\t<div class=\"elementor-element elementor-element-2cf8dnd e-flex e-con-boxed e-con e-parent\" data-id=\"2cf8dnd\" data-element_type=\"container\" data-e-type=\"container\">\n\t\t\t\t\t<div class=\"e-con-inner\">\n\t\t<div class=\"elementor-element elementor-element-6348d00 e-con-full e-flex e-con e-child\" data-id=\"6348d00\" data-element_type=\"container\" data-e-type=\"container\">\n\t\t\t\t<div class=\"elementor-element elementor-element-f9eabbd elementor-widget elementor-widget-image\" data-id=\"f9eabbd\" data-element_type=\"widget\" data-e-type=\"widget\" data-widget_type=\"image.default\">\n\t\t\t\t\t\t\t\t\t\t\t\t\t\t\t<img fetchpriority=\"high\" decoding=\"async\" width=\"2163\" height=\"2560\" src=\"https:\/\/jhcorporateservices.com\/wp-content\/uploads\/2025\/10\/pexels-photo-3722489-3722489-1-scaled.jpg\" class=\"attachment-full size-full wp-image-367\" alt=\"Discover the beautiful cityscape of Andorra set against the majestic mountains.\" srcset=\"https:\/\/jhcorporateservices.com\/wp-content\/uploads\/2025\/10\/pexels-photo-3722489-3722489-1-scaled.jpg 2163w, https:\/\/jhcorporateservices.com\/wp-content\/uploads\/2025\/10\/pexels-photo-3722489-3722489-1-253x300.jpg 253w, https:\/\/jhcorporateservices.com\/wp-content\/uploads\/2025\/10\/pexels-photo-3722489-3722489-1-865x1024.jpg 865w, https:\/\/jhcorporateservices.com\/wp-content\/uploads\/2025\/10\/pexels-photo-3722489-3722489-1-768x909.jpg 768w, https:\/\/jhcorporateservices.com\/wp-content\/uploads\/2025\/10\/pexels-photo-3722489-3722489-1-1298x1536.jpg 1298w, https:\/\/jhcorporateservices.com\/wp-content\/uploads\/2025\/10\/pexels-photo-3722489-3722489-1-1730x2048.jpg 1730w\" sizes=\"(max-width: 2163px) 100vw, 2163px\" \/>\t\t\t\t\t\t\t\t\t\t\t\t\t\t\t<\/div>\n\t\t\t\t<\/div>\n\t\t<div class=\"elementor-element elementor-element-953a020 e-con-full e-flex e-con e-child\" data-id=\"953a020\" data-element_type=\"container\" data-e-type=\"container\">\n\t\t\t\t<div class=\"elementor-element elementor-element-f632d01 elementor-widget elementor-widget-heading\" data-id=\"f632d01\" data-element_type=\"widget\" data-e-type=\"widget\" data-widget_type=\"heading.default\">\n\t\t\t\t\t<h2 class=\"elementor-heading-title elementor-size-default\">A JH Corporate Services fem f\u00e0cil el proc\u00e9s de venir a viure i crear una empresa a Andorra.<\/h2>\t\t\t\t<\/div>\n\t\t\t\t<div class=\"elementor-element elementor-element-ce014bb elementor-widget elementor-widget-text-editor\" data-id=\"ce014bb\" data-element_type=\"widget\" data-e-type=\"widget\" data-widget_type=\"text-editor.default\">\n\t\t\t\t\t\t\t\t\t<p>T\u2019acompanyem en tots els tr\u00e0mits \u2014 des de l\u2019obtenci\u00f3 de la resid\u00e8ncia fins al registre de la societat \u2014 amb transpar\u00e8ncia i professionalitat.<br data-start=\"554\" data-end=\"557\">Creiem en fer d\u2019Andorra una destinaci\u00f3 accessible per a emprenedors, fam\u00edlies i professionals que busquen estabilitat, seguretat i efici\u00e8ncia fiscal.<\/p>\t\t\t\t\t\t\t\t<\/div>\n\t\t\t\t<div class=\"elementor-element elementor-element-453eaac elementor-widget-divider--view-line elementor-widget elementor-widget-divider\" data-id=\"453eaac\" data-element_type=\"widget\" data-e-type=\"widget\" data-widget_type=\"divider.default\">\n\t\t\t\t\t\t\t<div class=\"elementor-divider\">\n\t\t\t<span class=\"elementor-divider-separator\">\n\t\t\t\t\t\t<\/span>\n\t\t<\/div>\n\t\t\t\t\t\t<\/div>\n\t\t\t\t<div class=\"elementor-element elementor-element-7626cd8 elementor-widget elementor-widget-text-editor\" data-id=\"7626cd8\" data-element_type=\"widget\" data-e-type=\"widget\" data-widget_type=\"text-editor.default\">\n\t\t\t\t\t\t\t\t\t<p>\u201cEns encanta el que fem i creem col\u00b7laboracions amb els nostres clients per garantir que la seva mudan\u00e7a es dugui a terme amb la m\u00e0xima tranquil\u00b7litat possible.\u201d<\/p>\t\t\t\t\t\t\t\t<\/div>\n\t\t\t\t<div class=\"elementor-element elementor-element-8847761 elementor-position-left elementor-vertical-align-middle elementor-position-top elementor-widget elementor-widget-image-box\" data-id=\"8847761\" data-element_type=\"widget\" data-e-type=\"widget\" data-widget_type=\"image-box.default\">\n\t\t\t\t\t<div class=\"elementor-image-box-wrapper\"><figure class=\"elementor-image-box-img\"><img decoding=\"async\" width=\"605\" height=\"542\" src=\"https:\/\/jhcorporateservices.com\/wp-content\/uploads\/2025\/10\/josh-pic.jpg\" class=\"attachment-full size-full wp-image-368\" alt=\"\" srcset=\"https:\/\/jhcorporateservices.com\/wp-content\/uploads\/2025\/10\/josh-pic.jpg 605w, https:\/\/jhcorporateservices.com\/wp-content\/uploads\/2025\/10\/josh-pic-300x269.jpg 300w\" sizes=\"(max-width: 605px) 100vw, 605px\" \/><\/figure><div class=\"elementor-image-box-content\"><h6 class=\"elementor-image-box-title\">Joshua Sendzul<\/h6><p class=\"elementor-image-box-description\">Fundador<\/p><\/div><\/div>\t\t\t\t<\/div>\n\t\t\t\t<\/div>\n\t\t\t\t\t<\/div>\n\t\t\t\t<\/div>\n\t\t<div class=\"elementor-element elementor-element-7unttv7 e-flex e-con-boxed e-con e-parent\" data-id=\"7unttv7\" data-element_type=\"container\" data-e-type=\"container\" data-settings=\"{&quot;background_background&quot;:&quot;classic&quot;}\">\n\t\t\t\t\t<div class=\"e-con-inner\">\n\t\t\t\t<div class=\"elementor-element elementor-element-5e0f4c4 elementor-widget elementor-widget-heading\" data-id=\"5e0f4c4\" data-element_type=\"widget\" data-e-type=\"widget\" data-widget_type=\"heading.default\">\n\t\t\t\t\t<h2 class=\"elementor-heading-title elementor-size-default\">Els Nostres Valors Fonamentals que Impulsen Tot el que Fem<\/h2>\t\t\t\t<\/div>\n\t\t<div class=\"elementor-element elementor-element-d2daa02 e-grid e-con-full e-con e-child\" data-id=\"d2daa02\" data-element_type=\"container\" data-e-type=\"container\">\n\t\t\t\t<div class=\"elementor-element elementor-element-56b6d66 elementor-view-stacked elementor-position-inline-start elementor-shape-circle elementor-mobile-position-block-start elementor-widget elementor-widget-icon-box\" data-id=\"56b6d66\" data-element_type=\"widget\" data-e-type=\"widget\" data-widget_type=\"icon-box.default\">\n\t\t\t\t\t\t\t<div class=\"elementor-icon-box-wrapper\">\n\n\t\t\t\t\t\t<div class=\"elementor-icon-box-icon\">\n\t\t\t\t<span  class=\"elementor-icon\">\n\t\t\t\t<svg aria-hidden=\"true\" class=\"e-font-icon-svg e-fas-cube\" viewBox=\"0 0 512 512\" xmlns=\"http:\/\/www.w3.org\/2000\/svg\"><path d=\"M239.1 6.3l-208 78c-18.7 7-31.1 25-31.1 45v225.1c0 18.2 10.3 34.8 26.5 42.9l208 104c13.5 6.8 29.4 6.8 42.9 0l208-104c16.3-8.1 26.5-24.8 26.5-42.9V129.3c0-20-12.4-37.9-31.1-44.9l-208-78C262 2.2 250 2.2 239.1 6.3zM256 68.4l192 72v1.1l-192 78-192-78v-1.1l192-72zm32 356V275.5l160-65v133.9l-160 80z\"><\/path><\/svg>\t\t\t\t<\/span>\n\t\t\t<\/div>\n\t\t\t\n\t\t\t\t\t\t<div class=\"elementor-icon-box-content\">\n\n\t\t\t\t\t\t\t\t\t<h4 class=\"elementor-icon-box-title\">\n\t\t\t\t\t\t<span  >\n\t\t\t\t\t\t\tTranspar\u00e8ncia\t\t\t\t\t\t<\/span>\n\t\t\t\t\t<\/h4>\n\t\t\t\t\n\t\t\t\t\t\t\t\t\t<p class=\"elementor-icon-box-description\">\n\t\t\t\t\t\tComunicaci\u00f3 clara i honesta amb tots els clients.\t\t\t\t\t<\/p>\n\t\t\t\t\n\t\t\t<\/div>\n\t\t\t\n\t\t<\/div>\n\t\t\t\t\t\t<\/div>\n\t\t\t\t<div class=\"elementor-element elementor-element-a315a26 elementor-view-stacked elementor-position-inline-start elementor-shape-circle elementor-mobile-position-block-start elementor-widget elementor-widget-icon-box\" data-id=\"a315a26\" data-element_type=\"widget\" data-e-type=\"widget\" data-widget_type=\"icon-box.default\">\n\t\t\t\t\t\t\t<div class=\"elementor-icon-box-wrapper\">\n\n\t\t\t\t\t\t<div class=\"elementor-icon-box-icon\">\n\t\t\t\t<span  class=\"elementor-icon\">\n\t\t\t\t<svg aria-hidden=\"true\" class=\"e-font-icon-svg e-fas-cube\" viewBox=\"0 0 512 512\" xmlns=\"http:\/\/www.w3.org\/2000\/svg\"><path d=\"M239.1 6.3l-208 78c-18.7 7-31.1 25-31.1 45v225.1c0 18.2 10.3 34.8 26.5 42.9l208 104c13.5 6.8 29.4 6.8 42.9 0l208-104c16.3-8.1 26.5-24.8 26.5-42.9V129.3c0-20-12.4-37.9-31.1-44.9l-208-78C262 2.2 250 2.2 239.1 6.3zM256 68.4l192 72v1.1l-192 78-192-78v-1.1l192-72zm32 356V275.5l160-65v133.9l-160 80z\"><\/path><\/svg>\t\t\t\t<\/span>\n\t\t\t<\/div>\n\t\t\t\n\t\t\t\t\t\t<div class=\"elementor-icon-box-content\">\n\n\t\t\t\t\t\t\t\t\t<h4 class=\"elementor-icon-box-title\">\n\t\t\t\t\t\t<span  >\n\t\t\t\t\t\t\tEfici\u00e8ncia\t\t\t\t\t\t<\/span>\n\t\t\t\t\t<\/h4>\n\t\t\t\t\n\t\t\t\t\t\t\t\t\t<p class=\"elementor-icon-box-description\">\n\t\t\t\t\t\tSimplifiquem els tr\u00e0mits perqu\u00e8 estalvi\u00efs temps i preocupacions.\t\t\t\t\t<\/p>\n\t\t\t\t\n\t\t\t<\/div>\n\t\t\t\n\t\t<\/div>\n\t\t\t\t\t\t<\/div>\n\t\t\t\t<div class=\"elementor-element elementor-element-842d9a6 elementor-view-stacked elementor-position-inline-start elementor-shape-circle elementor-mobile-position-block-start elementor-widget elementor-widget-icon-box\" data-id=\"842d9a6\" data-element_type=\"widget\" data-e-type=\"widget\" data-widget_type=\"icon-box.default\">\n\t\t\t\t\t\t\t<div class=\"elementor-icon-box-wrapper\">\n\n\t\t\t\t\t\t<div class=\"elementor-icon-box-icon\">\n\t\t\t\t<span  class=\"elementor-icon\">\n\t\t\t\t<svg aria-hidden=\"true\" class=\"e-font-icon-svg e-fas-cube\" viewBox=\"0 0 512 512\" xmlns=\"http:\/\/www.w3.org\/2000\/svg\"><path d=\"M239.1 6.3l-208 78c-18.7 7-31.1 25-31.1 45v225.1c0 18.2 10.3 34.8 26.5 42.9l208 104c13.5 6.8 29.4 6.8 42.9 0l208-104c16.3-8.1 26.5-24.8 26.5-42.9V129.3c0-20-12.4-37.9-31.1-44.9l-208-78C262 2.2 250 2.2 239.1 6.3zM256 68.4l192 72v1.1l-192 78-192-78v-1.1l192-72zm32 356V275.5l160-65v133.9l-160 80z\"><\/path><\/svg>\t\t\t\t<\/span>\n\t\t\t<\/div>\n\t\t\t\n\t\t\t\t\t\t<div class=\"elementor-icon-box-content\">\n\n\t\t\t\t\t\t\t\t\t<h4 class=\"elementor-icon-box-title\">\n\t\t\t\t\t\t<span  >\n\t\t\t\t\t\t\tExpertesa\t\t\t\t\t\t<\/span>\n\t\t\t\t\t<\/h4>\n\t\t\t\t\n\t\t\t\t\t\t\t\t\t<p class=\"elementor-icon-box-description\">\n\t\t\t\t\t\tConeixement profund de la legislaci\u00f3 i dels processos andorrans.\t\t\t\t\t<\/p>\n\t\t\t\t\n\t\t\t<\/div>\n\t\t\t\n\t\t<\/div>\n\t\t\t\t\t\t<\/div>\n\t\t\t\t<div class=\"elementor-element elementor-element-dd07312 elementor-view-stacked elementor-position-inline-start elementor-shape-circle elementor-mobile-position-block-start elementor-widget elementor-widget-icon-box\" data-id=\"dd07312\" data-element_type=\"widget\" data-e-type=\"widget\" data-widget_type=\"icon-box.default\">\n\t\t\t\t\t\t\t<div class=\"elementor-icon-box-wrapper\">\n\n\t\t\t\t\t\t<div class=\"elementor-icon-box-icon\">\n\t\t\t\t<span  class=\"elementor-icon\">\n\t\t\t\t<svg aria-hidden=\"true\" class=\"e-font-icon-svg e-fas-cube\" viewBox=\"0 0 512 512\" xmlns=\"http:\/\/www.w3.org\/2000\/svg\"><path d=\"M239.1 6.3l-208 78c-18.7 7-31.1 25-31.1 45v225.1c0 18.2 10.3 34.8 26.5 42.9l208 104c13.5 6.8 29.4 6.8 42.9 0l208-104c16.3-8.1 26.5-24.8 26.5-42.9V129.3c0-20-12.4-37.9-31.1-44.9l-208-78C262 2.2 250 2.2 239.1 6.3zM256 68.4l192 72v1.1l-192 78-192-78v-1.1l192-72zm32 356V275.5l160-65v133.9l-160 80z\"><\/path><\/svg>\t\t\t\t<\/span>\n\t\t\t<\/div>\n\t\t\t\n\t\t\t\t\t\t<div class=\"elementor-icon-box-content\">\n\n\t\t\t\t\t\t\t\t\t<h4 class=\"elementor-icon-box-title\">\n\t\t\t\t\t\t<span  >\n\t\t\t\t\t\t\tConfidencialitat\t\t\t\t\t\t<\/span>\n\t\t\t\t\t<\/h4>\n\t\t\t\t\n\t\t\t\t\t\t\t\t\t<p class=\"elementor-icon-box-description\">\n\t\t\t\t\t\tProtegim la teva informaci\u00f3 personal i financera.\t\t\t\t\t<\/p>\n\t\t\t\t\n\t\t\t<\/div>\n\t\t\t\n\t\t<\/div>\n\t\t\t\t\t\t<\/div>\n\t\t\t\t<div class=\"elementor-element elementor-element-3ebcf31 elementor-view-stacked elementor-position-inline-start elementor-shape-circle elementor-mobile-position-block-start elementor-widget elementor-widget-icon-box\" data-id=\"3ebcf31\" data-element_type=\"widget\" data-e-type=\"widget\" data-widget_type=\"icon-box.default\">\n\t\t\t\t\t\t\t<div class=\"elementor-icon-box-wrapper\">\n\n\t\t\t\t\t\t<div class=\"elementor-icon-box-icon\">\n\t\t\t\t<span  class=\"elementor-icon\">\n\t\t\t\t<svg aria-hidden=\"true\" class=\"e-font-icon-svg e-fas-cube\" viewBox=\"0 0 512 512\" xmlns=\"http:\/\/www.w3.org\/2000\/svg\"><path d=\"M239.1 6.3l-208 78c-18.7 7-31.1 25-31.1 45v225.1c0 18.2 10.3 34.8 26.5 42.9l208 104c13.5 6.8 29.4 6.8 42.9 0l208-104c16.3-8.1 26.5-24.8 26.5-42.9V129.3c0-20-12.4-37.9-31.1-44.9l-208-78C262 2.2 250 2.2 239.1 6.3zM256 68.4l192 72v1.1l-192 78-192-78v-1.1l192-72zm32 356V275.5l160-65v133.9l-160 80z\"><\/path><\/svg>\t\t\t\t<\/span>\n\t\t\t<\/div>\n\t\t\t\n\t\t\t\t\t\t<div class=\"elementor-icon-box-content\">\n\n\t\t\t\t\t\t\t\t\t<h4 class=\"elementor-icon-box-title\">\n\t\t\t\t\t\t<span  >\n\t\t\t\t\t\t\tComprom\u00eds\t\t\t\t\t\t<\/span>\n\t\t\t\t\t<\/h4>\n\t\t\t\t\n\t\t\t\t\t\t\t\t\t<p class=\"elementor-icon-box-description\">\n\t\t\t\t\t\tTractem cada projecte com si fos el nostre.\t\t\t\t\t<\/p>\n\t\t\t\t\n\t\t\t<\/div>\n\t\t\t\n\t\t<\/div>\n\t\t\t\t\t\t<\/div>\n\t\t\t\t<div class=\"elementor-element elementor-element-edc36c8 elementor-view-stacked elementor-position-inline-start elementor-shape-circle elementor-mobile-position-block-start elementor-widget elementor-widget-icon-box\" data-id=\"edc36c8\" data-element_type=\"widget\" data-e-type=\"widget\" data-widget_type=\"icon-box.default\">\n\t\t\t\t\t\t\t<div class=\"elementor-icon-box-wrapper\">\n\n\t\t\t\t\t\t<div class=\"elementor-icon-box-icon\">\n\t\t\t\t<span  class=\"elementor-icon\">\n\t\t\t\t<svg aria-hidden=\"true\" class=\"e-font-icon-svg e-fas-cube\" viewBox=\"0 0 512 512\" xmlns=\"http:\/\/www.w3.org\/2000\/svg\"><path d=\"M239.1 6.3l-208 78c-18.7 7-31.1 25-31.1 45v225.1c0 18.2 10.3 34.8 26.5 42.9l208 104c13.5 6.8 29.4 6.8 42.9 0l208-104c16.3-8.1 26.5-24.8 26.5-42.9V129.3c0-20-12.4-37.9-31.1-44.9l-208-78C262 2.2 250 2.2 239.1 6.3zM256 68.4l192 72v1.1l-192 78-192-78v-1.1l192-72zm32 356V275.5l160-65v133.9l-160 80z\"><\/path><\/svg>\t\t\t\t<\/span>\n\t\t\t<\/div>\n\t\t\t\n\t\t\t\t\t\t<div class=\"elementor-icon-box-content\">\n\n\t\t\t\t\t\t\t\t\t<h4 class=\"elementor-icon-box-title\">\n\t\t\t\t\t\t<span  >\n\t\t\t\t\t\t\tConfian\u00e7a\t\t\t\t\t\t<\/span>\n\t\t\t\t\t<\/h4>\n\t\t\t\t\n\t\t\t\t\t\t\t\t\t<p class=\"elementor-icon-box-description\">\n\t\t\t\t\t\tConstru\u00efm relacions duradores basades en la integritat i la professionalitat.\t\t\t\t\t<\/p>\n\t\t\t\t\n\t\t\t<\/div>\n\t\t\t\n\t\t<\/div>\n\t\t\t\t\t\t<\/div>\n\t\t\t\t<\/div>\n\t\t\t\t\t<\/div>\n\t\t\t\t<\/div>\n\t\t\t\t<section class=\"elementor-section elementor-top-section elementor-element elementor-element-m5rrdvr elementor-section-content-middle elementor-section-boxed elementor-section-height-default elementor-section-height-default\" data-id=\"m5rrdvr\" data-element_type=\"section\" data-e-type=\"section\" data-settings=\"{&quot;background_background&quot;:&quot;classic&quot;}\">\n\t\t\t\t\t\t\t<div class=\"elementor-background-overlay\"><\/div>\n\t\t\t\t\t\t\t<div class=\"elementor-container elementor-column-gap-no\">\n\t\t\t\t\t<div class=\"elementor-column elementor-col-100 elementor-top-column elementor-element elementor-element-116f2ae\" data-id=\"116f2ae\" data-element_type=\"column\" data-e-type=\"column\" data-settings=\"{&quot;background_background&quot;:&quot;classic&quot;}\">\n\t\t\t<div class=\"elementor-widget-wrap elementor-element-populated\">\n\t\t\t\t\t\t<div class=\"elementor-element elementor-element-105ab5c elementor-widget elementor-widget-heading\" data-id=\"105ab5c\" data-element_type=\"widget\" data-e-type=\"widget\" data-widget_type=\"heading.default\">\n\t\t\t\t\t<h5 class=\"elementor-heading-title elementor-size-default\">A punt per comen\u00e7ar una nova vida a Andorra?<\/h5>\t\t\t\t<\/div>\n\t\t\t\t<div class=\"elementor-element elementor-element-d26675a elementor-widget elementor-widget-heading\" data-id=\"d26675a\" data-element_type=\"widget\" data-e-type=\"widget\" data-widget_type=\"heading.default\">\n\t\t\t\t\t<h2 class=\"elementor-heading-title elementor-size-default\">Parlem-ne i trobem la millor opci\u00f3 per a tu.\n<\/h2>\t\t\t\t<\/div>\n\t\t\t\t<div class=\"elementor-element elementor-element-79cc1f7 elementor-align-center elementor-widget elementor-widget-button\" data-id=\"79cc1f7\" data-element_type=\"widget\" data-e-type=\"widget\" data-widget_type=\"button.default\">\n\t\t\t\t\t\t\t\t\t\t<a class=\"elementor-button elementor-button-link elementor-size-sm\" href=\"https:\/\/jhcorporateservices.com\/ca\/contacte\/\">\n\t\t\t\t\t\t<span class=\"elementor-button-content-wrapper\">\n\t\t\t\t\t\t\t\t\t<span class=\"elementor-button-text\">Demana una consulta gratu\u00efta<\/span>\n\t\t\t\t\t<\/span>\n\t\t\t\t\t<\/a>\n\t\t\t\t\t\t\t\t<\/div>\n\t\t\t\t\t<\/div>\n\t\t<\/div>\n\t\t\t\t\t<\/div>\n\t\t<\/section>\n\t\t\t\t<\/div>\n\t\t","protected":false},"excerpt":{"rendered":"<p>Sobres Nosaltres Sobre JH Corporate Services A JH Corporate Services fem f\u00e0cil el proc\u00e9s de venir a viure i crear [&hellip;]<\/p>\n","protected":false},"author":1,"featured_media":0,"parent":0,"menu_order":0,"comment_status":"closed","ping_status":"closed","template":"","meta":{"_eb_attr":"","site-sidebar-layout":"no-sidebar","site-content-layout":"","ast-site-content-layout":"full-width-container","site-content-style":"default","site-sidebar-style":"default","ast-global-header-display":"","ast-banner-title-visibility":"","ast-main-header-display":"","ast-hfb-above-header-display":"","ast-hfb-below-header-display":"","ast-hfb-mobile-header-display":"","site-post-title":"","ast-breadcrumbs-content":"","ast-featured-img":"disabled","footer-sml-layout":"","ast-disable-related-posts":"","theme-transparent-header-meta":"","adv-header-id-meta":"","stick-header-meta":"","header-above-stick-meta":"","header-main-stick-meta":"","header-below-stick-meta":"","astra-migrate-meta-layouts":"default","ast-page-background-enabled":"default","ast-page-background-meta":{"desktop":{"background-color":"var(--ast-global-color-5)","background-image":"","background-repeat":"repeat","background-position":"center center","background-size":"auto","background-attachment":"scroll","background-type":"","background-media":"","overlay-type":"","overlay-color":"","overlay-opacity":"","overlay-gradient":""},"tablet":{"background-color":"","background-image":"","background-repeat":"repeat","background-position":"center center","background-size":"auto","background-attachment":"scroll","background-type":"","background-media":"","overlay-type":"","overlay-color":"","overlay-opacity":"","overlay-gradient":""},"mobile":{"background-color":"","background-image":"","background-repeat":"repeat","background-position":"center center","background-size":"auto","background-attachment":"scroll","background-type":"","background-media":"","overlay-type":"","overlay-color":"","overlay-opacity":"","overlay-gradient":""}},"ast-content-background-meta":{"desktop":{"background-color":"var(--ast-global-color-4)","background-image":"","background-repeat":"repeat","background-position":"center center","background-size":"auto","background-attachment":"scroll","background-type":"","background-media":"","overlay-type":"","overlay-color":"","overlay-opacity":"","overlay-gradient":""},"tablet":{"background-color":"var(--ast-global-color-4)","background-image":"","background-repeat":"repeat","background-position":"center center","background-size":"auto","background-attachment":"scroll","background-type":"","background-media":"","overlay-type":"","overlay-color":"","overlay-opacity":"","overlay-gradient":""},"mobile":{"background-color":"var(--ast-global-color-4)","background-image":"","background-repeat":"repeat","background-position":"center center","background-size":"auto","background-attachment":"scroll","background-type":"","background-media":"","overlay-type":"","overlay-color":"","overlay-opacity":"","overlay-gradient":""}},"footnotes":""},"class_list":["post-369","page","type-page","status-publish","hentry"],"_hostinger_reach_plugin_has_subscription_block":false,"_hostinger_reach_plugin_is_elementor":false,"_links":{"self":[{"href":"https:\/\/jhcorporateservices.com\/ca\/wp-json\/wp\/v2\/pages\/369","targetHints":{"allow":["GET"]}}],"collection":[{"href":"https:\/\/jhcorporateservices.com\/ca\/wp-json\/wp\/v2\/pages"}],"about":[{"href":"https:\/\/jhcorporateservices.com\/ca\/wp-json\/wp\/v2\/types\/page"}],"author":[{"embeddable":true,"href":"https:\/\/jhcorporateservices.com\/ca\/wp-json\/wp\/v2\/users\/1"}],"replies":[{"embeddable":true,"href":"https:\/\/jhcorporateservices.com\/ca\/wp-json\/wp\/v2\/comments?post=369"}],"version-history":[{"count":1,"href":"https:\/\/jhcorporateservices.com\/ca\/wp-json\/wp\/v2\/pages\/369\/revisions"}],"predecessor-version":[{"id":370,"href":"https:\/\/jhcorporateservices.com\/ca\/wp-json\/wp\/v2\/pages\/369\/revisions\/370"}],"wp:attachment":[{"href":"https:\/\/jhcorporateservices.com\/ca\/wp-json\/wp\/v2\/media?parent=369"}],"curies":[{"name":"wp","href":"https:\/\/api.w.org\/{rel}","templated":true}]}}